{"id":8321,"date":"2022-03-16T17:25:36","date_gmt":"2022-03-16T16:25:36","guid":{"rendered":"https:\/\/wpstage.way-partner.com\/?page_id=8321"},"modified":"2025-05-13T16:35:31","modified_gmt":"2025-05-13T14:35:31","slug":"contact","status":"publish","type":"page","link":"https:\/\/wpstage.way-partner.com\/en\/contact\/","title":{"rendered":"Contact"},"content":{"rendered":"<div data-elementor-type=\"wp-page\" data-elementor-id=\"8321\" class=\"elementor elementor-8321\" data-elementor-post-type=\"page\">\n\t\t\t\t<div class=\"elementor-element elementor-element-f7b767d e-flex e-con-boxed e-con e-parent\" data-id=\"f7b767d\" data-element_type=\"container\">\n\t\t\t\t\t<div class=\"e-con-inner\">\n\t\t<div class=\"elementor-element elementor-element-0dff9ac e-con-full e-flex e-con e-child\" data-id=\"0dff9ac\" data-element_type=\"container\">\n\t\t<div class=\"elementor-element elementor-element-7e41cb0 e-con-full e-flex e-con e-child\" data-id=\"7e41cb0\" data-element_type=\"container\">\n\t\t\t\t<div class=\"elementor-element elementor-element-022b16c elementor-widget elementor-widget-heading\" data-id=\"022b16c\" data-element_type=\"widget\" data-widget_type=\"heading.default\">\n\t\t\t\t<div class=\"elementor-widget-container\">\n\t\t\t\t\t<h1 class=\"elementor-heading-title elementor-size-default\">Contact<\/h1>\t\t\t\t<\/div>\n\t\t\t\t<\/div>\n\t\t\t\t<div class=\"elementor-element elementor-element-1b95440 elementor-widget elementor-widget-heading\" data-id=\"1b95440\" data-element_type=\"widget\" data-widget_type=\"heading.default\">\n\t\t\t\t<div class=\"elementor-widget-container\">\n\t\t\t\t\t<p class=\"elementor-heading-title elementor-size-default\">You can contact us using the form below.<\/p>\t\t\t\t<\/div>\n\t\t\t\t<\/div>\n\t\t\t\t<\/div>\n\t\t\t\t<\/div>\n\t\t\t\t\t<\/div>\n\t\t\t\t<\/div>\n\t\t<div class=\"elementor-element elementor-element-9e72aa3 e-flex e-con-boxed e-con e-parent\" data-id=\"9e72aa3\" data-element_type=\"container\" data-settings=\"{&quot;background_background&quot;:&quot;classic&quot;}\">\n\t\t\t\t\t<div class=\"e-con-inner\">\n\t\t<div class=\"elementor-element elementor-element-14512fe e-con-full e-flex e-con e-child\" data-id=\"14512fe\" data-element_type=\"container\" data-settings=\"{&quot;background_background&quot;:&quot;gradient&quot;}\">\n\t\t<div class=\"elementor-element elementor-element-ce8ea08 e-con-full e-flex e-con e-child\" data-id=\"ce8ea08\" data-element_type=\"container\">\n\t\t\t\t<div class=\"elementor-element elementor-element-4e1e3f6 elementor-widget elementor-widget-heading\" data-id=\"4e1e3f6\" data-element_type=\"widget\" data-widget_type=\"heading.default\">\n\t\t\t\t<div class=\"elementor-widget-container\">\n\t\t\t\t\t<h2 class=\"elementor-heading-title elementor-size-default\">Contact form<\/h2>\t\t\t\t<\/div>\n\t\t\t\t<\/div>\n\t\t\t\t<div class=\"elementor-element elementor-element-0d8ad00 elementor-button-align-stretch elementor-widget elementor-widget-form\" data-id=\"0d8ad00\" data-element_type=\"widget\" data-settings=\"{&quot;step_next_label&quot;:&quot;Suivant&quot;,&quot;step_previous_label&quot;:&quot;Pr\\u00e9c\\u00e9dent&quot;,&quot;button_width&quot;:&quot;100&quot;,&quot;step_type&quot;:&quot;number_text&quot;,&quot;step_icon_shape&quot;:&quot;circle&quot;}\" data-widget_type=\"form.default\">\n\t\t\t\t<div class=\"elementor-widget-container\">\n\t\t\t\t\t\t\t<form class=\"elementor-form\" method=\"post\" name=\"Formulaire de contact\" aria-label=\"Contact form\" action=\"\">\n\t\t\t<input type=\"hidden\" name=\"post_id\" value=\"8321\"\/>\n\t\t\t<input type=\"hidden\" name=\"form_id\" value=\"0d8ad00\"\/>\n\t\t\t<input type=\"hidden\" name=\"referer_title\" value=\"Contact - WAY-Partner\" \/>\n\n\t\t\t\t\t\t\t<input type=\"hidden\" name=\"queried_id\" value=\"8321\"\/>\n\t\t\t\n\t\t\t<div class=\"elementor-form-fields-wrapper elementor-labels-\">\n\t\t\t\t\t\t\t\t<div class=\"elementor-field-type-email elementor-field-group elementor-column elementor-field-group-field_eee1f89 elementor-col-50 elementor-field-required\">\n\t\t\t\t\t\t\t\t\t\t\t\t<label for=\"form-field-field_eee1f89\" class=\"elementor-field-label elementor-screen-only\">\n\t\t\t\t\t\t\t\tE-mail\t\t\t\t\t\t\t<\/label>\n\t\t\t\t\t\t\t\t\t\t\t\t\t\t<input size=\"1\" type=\"email\" name=\"form_fields[field_eee1f89]\" id=\"form-field-field_eee1f89\" class=\"elementor-field elementor-size-sm  elementor-field-textual\" placeholder=\"E-mail *\" required=\"required\">\n\t\t\t\t\t\t\t\t\t\t\t<\/div>\n\t\t\t\t\t\t\t\t<div class=\"elementor-field-type-text elementor-field-group elementor-column elementor-field-group-objet elementor-col-50 elementor-field-required\">\n\t\t\t\t\t\t\t\t\t\t\t\t<label for=\"form-field-objet\" class=\"elementor-field-label elementor-screen-only\">\n\t\t\t\t\t\t\t\tObject\t\t\t\t\t\t\t<\/label>\n\t\t\t\t\t\t\t\t\t\t\t\t\t\t<input size=\"1\" type=\"text\" name=\"form_fields[objet]\" id=\"form-field-objet\" class=\"elementor-field elementor-size-sm  elementor-field-textual\" placeholder=\"Object *\" required=\"required\">\n\t\t\t\t\t\t\t\t\t\t\t<\/div>\n\t\t\t\t\t\t\t\t<div class=\"elementor-field-type-tel elementor-field-group elementor-column elementor-field-group-telephone elementor-col-50\">\n\t\t\t\t\t\t\t\t\t\t\t\t<label for=\"form-field-telephone\" class=\"elementor-field-label elementor-screen-only\">\n\t\t\t\t\t\t\t\tTelephone number\t\t\t\t\t\t\t<\/label>\n\t\t\t\t\t\t\t\t<input size=\"1\" type=\"tel\" name=\"form_fields[telephone]\" id=\"form-field-telephone\" class=\"elementor-field elementor-size-sm  elementor-field-textual\" placeholder=\"Telephone number\" pattern=\"[0-9()#&amp;+*-=.]+\" title=\"Only telephone number characters (#, -, *, etc.) are accepted.\">\n\n\t\t\t\t\t\t<\/div>\n\t\t\t\t\t\t\t\t<div class=\"elementor-field-type-text elementor-field-group elementor-column elementor-field-group-contact_key elementor-col-50\">\n\t\t\t\t\t\t\t\t\t\t\t\t<label for=\"form-field-contact_key\" class=\"elementor-field-label elementor-screen-only\">\n\t\t\t\t\t\t\t\tContact key\t\t\t\t\t\t\t<\/label>\n\t\t\t\t\t\t\t\t\t\t\t\t\t\t<input size=\"1\" type=\"text\" name=\"form_fields[contact_key]\" id=\"form-field-contact_key\" class=\"elementor-field elementor-size-sm  elementor-field-textual\" placeholder=\"WAY-Partner contact key\">\n\t\t\t\t\t\t\t\t\t\t\t<\/div>\n\t\t\t\t\t\t\t\t<div class=\"elementor-field-type-textarea elementor-field-group elementor-column elementor-field-group-message elementor-col-100 elementor-field-required\">\n\t\t\t\t\t\t\t\t\t\t\t\t<label for=\"form-field-message\" class=\"elementor-field-label elementor-screen-only\">\n\t\t\t\t\t\t\t\tMessage\t\t\t\t\t\t\t<\/label>\n\t\t\t\t\t\t<textarea class=\"elementor-field-textual elementor-field  elementor-size-sm\" name=\"form_fields[message]\" id=\"form-field-message\" rows=\"4\" placeholder=\"Message *\" required=\"required\"><\/textarea>\t\t\t\t<\/div>\n\t\t\t\t\t\t\t\t<div class=\"elementor-field-type-recaptcha_v3 elementor-field-group elementor-column elementor-field-group-field_0f40b94 elementor-col-100 recaptcha_v3-bottomright\">\n\t\t\t\t\t<div class=\"elementor-field\" id=\"form-field-field_0f40b94\"><div class=\"elementor-g-recaptcha\" data-sitekey=\"6Ldni0seAAAAAJDGDEKs6wnALrl62vAwRX5NaL_O\" data-type=\"v3\" data-action=\"Form\" data-badge=\"bottomright\" data-size=\"invisible\"><\/div><\/div>\t\t\t\t<\/div>\n\t\t\t\t\t\t\t\t<div class=\"elementor-field-group elementor-column elementor-field-type-submit elementor-col-100 e-form__buttons\">\n\t\t\t\t\t<button class=\"elementor-button elementor-size-sm\" type=\"submit\">\n\t\t\t\t\t\t<span class=\"elementor-button-content-wrapper\">\n\t\t\t\t\t\t\t\t\t\t\t\t\t\t\t\t\t\t\t\t\t\t<span class=\"elementor-button-text\">Send<\/span>\n\t\t\t\t\t\t\t\t\t\t\t\t\t<\/span>\n\t\t\t\t\t<\/button>\n\t\t\t\t<\/div>\n\t\t\t<\/div>\n\t\t<input type=\"hidden\" name=\"trp-form-language\" value=\"en\"\/><\/form>\n\t\t\t\t\t\t<\/div>\n\t\t\t\t<\/div>\n\t\t\t\t<div class=\"elementor-element elementor-element-b0b3424 elementor-widget elementor-widget-text-editor\" data-id=\"b0b3424\" data-element_type=\"widget\" data-widget_type=\"text-editor.default\">\n\t\t\t\t<div class=\"elementor-widget-container\">\n\t\t\t\t\t\t\t\t\t* Mandatory fields\t\t\t\t\t\t\t\t<\/div>\n\t\t\t\t<\/div>\n\t\t\t\t<\/div>\n\t\t\t\t<\/div>\n\t\t\t\t\t<\/div>\n\t\t\t\t<\/div>\n\t\t<div class=\"elementor-element elementor-element-06f1372 e-flex e-con-boxed e-con e-parent\" data-id=\"06f1372\" data-element_type=\"container\">\n\t\t\t\t\t<div class=\"e-con-inner\">\n\t\t<div class=\"elementor-element elementor-element-831642e e-con-full e-grid e-con e-child\" data-id=\"831642e\" data-element_type=\"container\">\n\t\t\t\t<div class=\"elementor-element elementor-element-35ea556 elementor-position-left elementor-view-default elementor-mobile-position-top elementor-widget elementor-widget-icon-box\" data-id=\"35ea556\" data-element_type=\"widget\" data-widget_type=\"icon-box.default\">\n\t\t\t\t<div class=\"elementor-widget-container\">\n\t\t\t\t\t\t\t<div class=\"elementor-icon-box-wrapper\">\n\n\t\t\t\t\t\t<div class=\"elementor-icon-box-icon\">\n\t\t\t\t<span  class=\"elementor-icon\">\n\t\t\t\t<i aria-hidden=\"true\" class=\"tablericon- tabler-icon-info-square\"><\/i>\t\t\t\t<\/span>\n\t\t\t<\/div>\n\t\t\t\n\t\t\t\t\t\t<div class=\"elementor-icon-box-content\">\n\n\t\t\t\t\t\t\t\t\t<h3 class=\"elementor-icon-box-title\">\n\t\t\t\t\t\t<span  >\n\t\t\t\t\t\t\tWAYNIUM\t\t\t\t\t\t<\/span>\n\t\t\t\t\t<\/h3>\n\t\t\t\t\n\t\t\t\t\t\t\t\t\t<p class=\"elementor-icon-box-description\">\n\t\t\t\t\t\tS.A.R.L with capital of \u20ac100,000\n<br>RCS 451320253 00045\t\t\t\t\t<\/p>\n\t\t\t\t\n\t\t\t<\/div>\n\t\t\t\n\t\t<\/div>\n\t\t\t\t\t\t<\/div>\n\t\t\t\t<\/div>\n\t\t\t\t<div class=\"elementor-element elementor-element-3323070 elementor-position-left elementor-view-default elementor-mobile-position-top elementor-widget elementor-widget-icon-box\" data-id=\"3323070\" data-element_type=\"widget\" data-widget_type=\"icon-box.default\">\n\t\t\t\t<div class=\"elementor-widget-container\">\n\t\t\t\t\t\t\t<div class=\"elementor-icon-box-wrapper\">\n\n\t\t\t\t\t\t<div class=\"elementor-icon-box-icon\">\n\t\t\t\t<span  class=\"elementor-icon\">\n\t\t\t\t<i aria-hidden=\"true\" class=\"tablericon- tabler-icon-home\"><\/i>\t\t\t\t<\/span>\n\t\t\t<\/div>\n\t\t\t\n\t\t\t\t\t\t<div class=\"elementor-icon-box-content\">\n\n\t\t\t\t\t\t\t\t\t<h3 class=\"elementor-icon-box-title\">\n\t\t\t\t\t\t<span  >\n\t\t\t\t\t\t\tHead office address\t\t\t\t\t\t<\/span>\n\t\t\t\t\t<\/h3>\n\t\t\t\t\n\t\t\t\t\t\t\t\t\t<p class=\"elementor-icon-box-description\">\n\t\t\t\t\t\t34 rue des Foss\u00e9s Saint-Bernard\n<br>75005 Paris France\t\t\t\t\t<\/p>\n\t\t\t\t\n\t\t\t<\/div>\n\t\t\t\n\t\t<\/div>\n\t\t\t\t\t\t<\/div>\n\t\t\t\t<\/div>\n\t\t\t\t<\/div>\n\t\t\t\t\t<\/div>\n\t\t\t\t<\/div>\n\t\t\t\t<\/div>","protected":false},"excerpt":{"rendered":"<p>Contact You can contact us using the form below. Contact form * Mandatory fields WAYNIUM S.A.R.L au capital de 100 000 \u20ac RCS 451320253 00045 Adresse si\u00e8ge social 34 rue des Foss\u00e9s Saint-Bernard 75005 Paris France<\/p>","protected":false},"author":1,"featured_media":408511,"parent":0,"menu_order":0,"comment_status":"closed","ping_status":"closed","template":"","meta":{"_acf_changed":false,"footnotes":""},"class_list":["post-8321","page","type-page","status-publish","has-post-thumbnail","hentry"],"acf":[],"yoast_head":"<!-- This site is optimized with the Yoast SEO plugin v26.4 - https:\/\/yoast.com\/wordpress\/plugins\/seo\/ -->\n<title>Contact - WAY-Partner<\/title>\n<meta name=\"description\" content=\"Besoin d\u2019aide ou d\u2019informations ? Contactez l\u2019\u00e9quipe WAY-Partner, nous sommes \u00e0 votre \u00e9coute pour r\u00e9pondre \u00e0 toutes vos questions.\" \/>\n<meta name=\"robots\" content=\"index, follow, max-snippet:-1, max-image-preview:large, max-video-preview:-1\" \/>\n<link rel=\"canonical\" href=\"https:\/\/wpstage.way-partner.com\/en\/contact\/\" \/>\n<meta property=\"og:locale\" content=\"en_GB\" \/>\n<meta property=\"og:type\" content=\"article\" \/>\n<meta property=\"og:title\" content=\"Contact - WAY-Partner\" \/>\n<meta property=\"og:description\" content=\"Besoin d\u2019aide ou d\u2019informations ? Contactez l\u2019\u00e9quipe WAY-Partner, nous sommes \u00e0 votre \u00e9coute pour r\u00e9pondre \u00e0 toutes vos questions.\" \/>\n<meta property=\"og:url\" content=\"https:\/\/wpstage.way-partner.com\/en\/contact\/\" \/>\n<meta property=\"og:site_name\" content=\"WAY-Partner\" \/>\n<meta property=\"article:modified_time\" content=\"2025-05-13T14:35:31+00:00\" \/>\n<meta property=\"og:image\" content=\"https:\/\/wpstage.way-partner.com\/wp-content\/uploads\/2024\/11\/logo.png\" \/>\n\t<meta property=\"og:image:width\" content=\"1024\" \/>\n\t<meta property=\"og:image:height\" content=\"1024\" \/>\n\t<meta property=\"og:image:type\" content=\"image\/png\" \/>\n<meta name=\"twitter:card\" content=\"summary_large_image\" \/>\n<meta name=\"twitter:label1\" content=\"Estimated reading time\" \/>\n\t<meta name=\"twitter:data1\" content=\"1 minute\" \/>\n<script type=\"application\/ld+json\" class=\"yoast-schema-graph\">{\"@context\":\"https:\/\/schema.org\",\"@graph\":[{\"@type\":\"WebPage\",\"@id\":\"https:\/\/wpstage.way-partner.com\/contact\/\",\"url\":\"https:\/\/wpstage.way-partner.com\/contact\/\",\"name\":\"Contact - WAY-Partner\",\"isPartOf\":{\"@id\":\"https:\/\/wpstage.way-partner.com\/#website\"},\"primaryImageOfPage\":{\"@id\":\"https:\/\/wpstage.way-partner.com\/contact\/#primaryimage\"},\"image\":{\"@id\":\"https:\/\/wpstage.way-partner.com\/contact\/#primaryimage\"},\"thumbnailUrl\":\"https:\/\/wpstage.way-partner.com\/wp-content\/uploads\/2024\/11\/logo.png\",\"datePublished\":\"2022-03-16T16:25:36+00:00\",\"dateModified\":\"2025-05-13T14:35:31+00:00\",\"description\":\"Besoin d\u2019aide ou d\u2019informations ? Contactez l\u2019\u00e9quipe WAY-Partner, nous sommes \u00e0 votre \u00e9coute pour r\u00e9pondre \u00e0 toutes vos questions.\",\"breadcrumb\":{\"@id\":\"https:\/\/wpstage.way-partner.com\/contact\/#breadcrumb\"},\"inLanguage\":\"en-GB\",\"potentialAction\":[{\"@type\":\"ReadAction\",\"target\":[\"https:\/\/wpstage.way-partner.com\/contact\/\"]}]},{\"@type\":\"ImageObject\",\"inLanguage\":\"en-GB\",\"@id\":\"https:\/\/wpstage.way-partner.com\/contact\/#primaryimage\",\"url\":\"https:\/\/wpstage.way-partner.com\/wp-content\/uploads\/2024\/11\/logo.png\",\"contentUrl\":\"https:\/\/wpstage.way-partner.com\/wp-content\/uploads\/2024\/11\/logo.png\",\"width\":1024,\"height\":1024,\"caption\":\"logo\"},{\"@type\":\"BreadcrumbList\",\"@id\":\"https:\/\/wpstage.way-partner.com\/contact\/#breadcrumb\",\"itemListElement\":[{\"@type\":\"ListItem\",\"position\":1,\"name\":\"Accueil\",\"item\":\"https:\/\/wpstage.way-partner.com\/\"},{\"@type\":\"ListItem\",\"position\":2,\"name\":\"Contact\"}]},{\"@type\":\"WebSite\",\"@id\":\"https:\/\/wpstage.way-partner.com\/#website\",\"url\":\"https:\/\/wpstage.way-partner.com\/\",\"name\":\"WAY-Partner\",\"description\":\"L&#039;app des chauffeurs ind\u00e9pendants de WAYNIUM\",\"publisher\":{\"@id\":\"https:\/\/wpstage.way-partner.com\/#organization\"},\"potentialAction\":[{\"@type\":\"SearchAction\",\"target\":{\"@type\":\"EntryPoint\",\"urlTemplate\":\"https:\/\/wpstage.way-partner.com\/?s={search_term_string}\"},\"query-input\":{\"@type\":\"PropertyValueSpecification\",\"valueRequired\":true,\"valueName\":\"search_term_string\"}}],\"inLanguage\":\"en-GB\"},{\"@type\":\"Organization\",\"@id\":\"https:\/\/wpstage.way-partner.com\/#organization\",\"name\":\"WAY-Partner\",\"url\":\"https:\/\/wpstage.way-partner.com\/\",\"logo\":{\"@type\":\"ImageObject\",\"inLanguage\":\"en-GB\",\"@id\":\"https:\/\/wpstage.way-partner.com\/#\/schema\/logo\/image\/\",\"url\":\"https:\/\/wpstage.way-partner.com\/wp-content\/uploads\/2021\/06\/Favicon.png\",\"contentUrl\":\"https:\/\/wpstage.way-partner.com\/wp-content\/uploads\/2021\/06\/Favicon.png\",\"width\":512,\"height\":512,\"caption\":\"WAY-Partner\"},\"image\":{\"@id\":\"https:\/\/wpstage.way-partner.com\/#\/schema\/logo\/image\/\"}}]}<\/script>\n<!-- \/ Yoast SEO plugin. -->","yoast_head_json":{"title":"Contact - WAY-Partner","description":"Need help or information? Contact the WAY-Partner team and we'll be happy to answer all your questions.","robots":{"index":"index","follow":"follow","max-snippet":"max-snippet:-1","max-image-preview":"max-image-preview:large","max-video-preview":"max-video-preview:-1"},"canonical":"https:\/\/wpstage.way-partner.com\/en\/contact\/","og_locale":"en_GB","og_type":"article","og_title":"Contact - WAY-Partner","og_description":"Besoin d\u2019aide ou d\u2019informations ? Contactez l\u2019\u00e9quipe WAY-Partner, nous sommes \u00e0 votre \u00e9coute pour r\u00e9pondre \u00e0 toutes vos questions.","og_url":"https:\/\/wpstage.way-partner.com\/en\/contact\/","og_site_name":"WAY-Partner","article_modified_time":"2025-05-13T14:35:31+00:00","og_image":[{"width":1024,"height":1024,"url":"https:\/\/wpstage.way-partner.com\/wp-content\/uploads\/2024\/11\/logo.png","type":"image\/png"}],"twitter_card":"summary_large_image","twitter_misc":{"Estimated reading time":"1 minute"},"schema":{"@context":"https:\/\/schema.org","@graph":[{"@type":"WebPage","@id":"https:\/\/wpstage.way-partner.com\/contact\/","url":"https:\/\/wpstage.way-partner.com\/contact\/","name":"Contact - WAY-Partner","isPartOf":{"@id":"https:\/\/wpstage.way-partner.com\/#website"},"primaryImageOfPage":{"@id":"https:\/\/wpstage.way-partner.com\/contact\/#primaryimage"},"image":{"@id":"https:\/\/wpstage.way-partner.com\/contact\/#primaryimage"},"thumbnailUrl":"https:\/\/wpstage.way-partner.com\/wp-content\/uploads\/2024\/11\/logo.png","datePublished":"2022-03-16T16:25:36+00:00","dateModified":"2025-05-13T14:35:31+00:00","description":"Need help or information? Contact the WAY-Partner team and we'll be happy to answer all your questions.","breadcrumb":{"@id":"https:\/\/wpstage.way-partner.com\/contact\/#breadcrumb"},"inLanguage":"en-GB","potentialAction":[{"@type":"ReadAction","target":["https:\/\/wpstage.way-partner.com\/contact\/"]}]},{"@type":"ImageObject","inLanguage":"en-GB","@id":"https:\/\/wpstage.way-partner.com\/contact\/#primaryimage","url":"https:\/\/wpstage.way-partner.com\/wp-content\/uploads\/2024\/11\/logo.png","contentUrl":"https:\/\/wpstage.way-partner.com\/wp-content\/uploads\/2024\/11\/logo.png","width":1024,"height":1024,"caption":"logo"},{"@type":"BreadcrumbList","@id":"https:\/\/wpstage.way-partner.com\/contact\/#breadcrumb","itemListElement":[{"@type":"ListItem","position":1,"name":"Accueil","item":"https:\/\/wpstage.way-partner.com\/"},{"@type":"ListItem","position":2,"name":"Contact"}]},{"@type":"WebSite","@id":"https:\/\/wpstage.way-partner.com\/#website","url":"https:\/\/wpstage.way-partner.com\/","name":"WAY-Partner","description":"The WAYNIUM app for self-employed drivers","publisher":{"@id":"https:\/\/wpstage.way-partner.com\/#organization"},"potentialAction":[{"@type":"SearchAction","target":{"@type":"EntryPoint","urlTemplate":"https:\/\/wpstage.way-partner.com\/?s={search_term_string}"},"query-input":{"@type":"PropertyValueSpecification","valueRequired":true,"valueName":"search_term_string"}}],"inLanguage":"en-GB"},{"@type":"Organization","@id":"https:\/\/wpstage.way-partner.com\/#organization","name":"WAY-Partner","url":"https:\/\/wpstage.way-partner.com\/","logo":{"@type":"ImageObject","inLanguage":"en-GB","@id":"https:\/\/wpstage.way-partner.com\/#\/schema\/logo\/image\/","url":"https:\/\/wpstage.way-partner.com\/wp-content\/uploads\/2021\/06\/Favicon.png","contentUrl":"https:\/\/wpstage.way-partner.com\/wp-content\/uploads\/2021\/06\/Favicon.png","width":512,"height":512,"caption":"WAY-Partner"},"image":{"@id":"https:\/\/wpstage.way-partner.com\/#\/schema\/logo\/image\/"}}]}},"_links":{"self":[{"href":"https:\/\/wpstage.way-partner.com\/en\/wp-json\/wp\/v2\/pages\/8321","targetHints":{"allow":["GET"]}}],"collection":[{"href":"https:\/\/wpstage.way-partner.com\/en\/wp-json\/wp\/v2\/pages"}],"about":[{"href":"https:\/\/wpstage.way-partner.com\/en\/wp-json\/wp\/v2\/types\/page"}],"author":[{"embeddable":true,"href":"https:\/\/wpstage.way-partner.com\/en\/wp-json\/wp\/v2\/users\/1"}],"replies":[{"embeddable":true,"href":"https:\/\/wpstage.way-partner.com\/en\/wp-json\/wp\/v2\/comments?post=8321"}],"version-history":[{"count":98,"href":"https:\/\/wpstage.way-partner.com\/en\/wp-json\/wp\/v2\/pages\/8321\/revisions"}],"predecessor-version":[{"id":648764,"href":"https:\/\/wpstage.way-partner.com\/en\/wp-json\/wp\/v2\/pages\/8321\/revisions\/648764"}],"wp:featuredmedia":[{"embeddable":true,"href":"https:\/\/wpstage.way-partner.com\/en\/wp-json\/wp\/v2\/media\/408511"}],"wp:attachment":[{"href":"https:\/\/wpstage.way-partner.com\/en\/wp-json\/wp\/v2\/media?parent=8321"}],"curies":[{"name":"wp","href":"https:\/\/api.w.org\/{rel}","templated":true}]}}