{"id":6111,"date":"2021-05-26T08:35:43","date_gmt":"2021-05-26T06:35:43","guid":{"rendered":"https:\/\/wpstage.way-partner.com\/?page_id=6111"},"modified":"2025-05-13T16:36:15","modified_gmt":"2025-05-13T14:36:15","slug":"mon-compte","status":"publish","type":"page","link":"https:\/\/wpstage.way-partner.com\/en\/mon-compte\/","title":{"rendered":"My account"},"content":{"rendered":"<div class=\"woocommerce\"><\/div>","protected":false},"excerpt":{"rendered":"","protected":false},"author":1,"featured_media":408511,"parent":0,"menu_order":0,"comment_status":"closed","ping_status":"closed","template":"","meta":{"_acf_changed":false,"footnotes":""},"class_list":["post-6111","page","type-page","status-publish","has-post-thumbnail","hentry"],"acf":[],"yoast_head":"<!-- This site is optimized with the Yoast SEO plugin v26.4 - https:\/\/yoast.com\/wordpress\/plugins\/seo\/ -->\n<title>Mon compte - WAY-Partner<\/title>\n<meta name=\"description\" content=\"Acc\u00e9dez \u00e0 votre compte WAY-Partner pour g\u00e9rer vos informations, abonnements et pr\u00e9f\u00e9rences utilisateur en toute s\u00e9curit\u00e9.\" \/>\n<meta name=\"robots\" content=\"noindex, nofollow\" \/>\n<meta property=\"og:locale\" content=\"en_GB\" \/>\n<meta property=\"og:type\" content=\"article\" \/>\n<meta property=\"og:title\" content=\"Mon compte - WAY-Partner\" \/>\n<meta property=\"og:description\" content=\"Acc\u00e9dez \u00e0 votre compte WAY-Partner pour g\u00e9rer vos informations, abonnements et pr\u00e9f\u00e9rences utilisateur en toute s\u00e9curit\u00e9.\" \/>\n<meta property=\"og:url\" content=\"https:\/\/wpstage.way-partner.com\/en\/mon-compte\/\" \/>\n<meta property=\"og:site_name\" content=\"WAY-Partner\" \/>\n<meta property=\"article:modified_time\" content=\"2025-05-13T14:36:15+00:00\" \/>\n<meta property=\"og:image\" content=\"https:\/\/wpstage.way-partner.com\/wp-content\/uploads\/2024\/11\/logo.png\" \/>\n\t<meta property=\"og:image:width\" content=\"1024\" \/>\n\t<meta property=\"og:image:height\" content=\"1024\" \/>\n\t<meta property=\"og:image:type\" content=\"image\/png\" \/>\n<meta name=\"twitter:card\" content=\"summary_large_image\" \/>\n<meta name=\"twitter:label1\" content=\"Estimated reading time\" \/>\n\t<meta name=\"twitter:data1\" content=\"1 minute\" \/>\n<script type=\"application\/ld+json\" class=\"yoast-schema-graph\">{\"@context\":\"https:\/\/schema.org\",\"@graph\":[{\"@type\":\"WebPage\",\"@id\":\"https:\/\/wpstage.way-partner.com\/mon-compte\/\",\"url\":\"https:\/\/wpstage.way-partner.com\/mon-compte\/\",\"name\":\"Mon compte - WAY-Partner\",\"isPartOf\":{\"@id\":\"https:\/\/wpstage.way-partner.com\/#website\"},\"primaryImageOfPage\":{\"@id\":\"https:\/\/wpstage.way-partner.com\/mon-compte\/#primaryimage\"},\"image\":{\"@id\":\"https:\/\/wpstage.way-partner.com\/mon-compte\/#primaryimage\"},\"thumbnailUrl\":\"https:\/\/wpstage.way-partner.com\/wp-content\/uploads\/2024\/11\/logo.png\",\"datePublished\":\"2021-05-26T06:35:43+00:00\",\"dateModified\":\"2025-05-13T14:36:15+00:00\",\"description\":\"Acc\u00e9dez \u00e0 votre compte WAY-Partner pour g\u00e9rer vos informations, abonnements et pr\u00e9f\u00e9rences utilisateur en toute s\u00e9curit\u00e9.\",\"breadcrumb\":{\"@id\":\"https:\/\/wpstage.way-partner.com\/mon-compte\/#breadcrumb\"},\"inLanguage\":\"en-GB\",\"potentialAction\":[{\"@type\":\"ReadAction\",\"target\":[\"https:\/\/wpstage.way-partner.com\/mon-compte\/\"]}]},{\"@type\":\"ImageObject\",\"inLanguage\":\"en-GB\",\"@id\":\"https:\/\/wpstage.way-partner.com\/mon-compte\/#primaryimage\",\"url\":\"https:\/\/wpstage.way-partner.com\/wp-content\/uploads\/2024\/11\/logo.png\",\"contentUrl\":\"https:\/\/wpstage.way-partner.com\/wp-content\/uploads\/2024\/11\/logo.png\",\"width\":1024,\"height\":1024,\"caption\":\"logo\"},{\"@type\":\"BreadcrumbList\",\"@id\":\"https:\/\/wpstage.way-partner.com\/mon-compte\/#breadcrumb\",\"itemListElement\":[{\"@type\":\"ListItem\",\"position\":1,\"name\":\"Accueil\",\"item\":\"https:\/\/wpstage.way-partner.com\/\"},{\"@type\":\"ListItem\",\"position\":2,\"name\":\"Mon compte\"}]},{\"@type\":\"WebSite\",\"@id\":\"https:\/\/wpstage.way-partner.com\/#website\",\"url\":\"https:\/\/wpstage.way-partner.com\/\",\"name\":\"WAY-Partner\",\"description\":\"L&#039;app des chauffeurs ind\u00e9pendants de WAYNIUM\",\"publisher\":{\"@id\":\"https:\/\/wpstage.way-partner.com\/#organization\"},\"potentialAction\":[{\"@type\":\"SearchAction\",\"target\":{\"@type\":\"EntryPoint\",\"urlTemplate\":\"https:\/\/wpstage.way-partner.com\/?s={search_term_string}\"},\"query-input\":{\"@type\":\"PropertyValueSpecification\",\"valueRequired\":true,\"valueName\":\"search_term_string\"}}],\"inLanguage\":\"en-GB\"},{\"@type\":\"Organization\",\"@id\":\"https:\/\/wpstage.way-partner.com\/#organization\",\"name\":\"WAY-Partner\",\"url\":\"https:\/\/wpstage.way-partner.com\/\",\"logo\":{\"@type\":\"ImageObject\",\"inLanguage\":\"en-GB\",\"@id\":\"https:\/\/wpstage.way-partner.com\/#\/schema\/logo\/image\/\",\"url\":\"https:\/\/wpstage.way-partner.com\/wp-content\/uploads\/2021\/06\/Favicon.png\",\"contentUrl\":\"https:\/\/wpstage.way-partner.com\/wp-content\/uploads\/2021\/06\/Favicon.png\",\"width\":512,\"height\":512,\"caption\":\"WAY-Partner\"},\"image\":{\"@id\":\"https:\/\/wpstage.way-partner.com\/#\/schema\/logo\/image\/\"}}]}<\/script>\n<!-- \/ Yoast SEO plugin. -->","yoast_head_json":{"title":"My account - WAY-Partner","description":"Access your WAY-Partner account to manage your information, subscriptions and user preferences in total security.","robots":{"index":"noindex","follow":"nofollow"},"og_locale":"en_GB","og_type":"article","og_title":"Mon compte - WAY-Partner","og_description":"Acc\u00e9dez \u00e0 votre compte WAY-Partner pour g\u00e9rer vos informations, abonnements et pr\u00e9f\u00e9rences utilisateur en toute s\u00e9curit\u00e9.","og_url":"https:\/\/wpstage.way-partner.com\/en\/mon-compte\/","og_site_name":"WAY-Partner","article_modified_time":"2025-05-13T14:36:15+00:00","og_image":[{"width":1024,"height":1024,"url":"https:\/\/wpstage.way-partner.com\/wp-content\/uploads\/2024\/11\/logo.png","type":"image\/png"}],"twitter_card":"summary_large_image","twitter_misc":{"Estimated reading time":"1 minute"},"schema":{"@context":"https:\/\/schema.org","@graph":[{"@type":"WebPage","@id":"https:\/\/wpstage.way-partner.com\/mon-compte\/","url":"https:\/\/wpstage.way-partner.com\/mon-compte\/","name":"My account - WAY-Partner","isPartOf":{"@id":"https:\/\/wpstage.way-partner.com\/#website"},"primaryImageOfPage":{"@id":"https:\/\/wpstage.way-partner.com\/mon-compte\/#primaryimage"},"image":{"@id":"https:\/\/wpstage.way-partner.com\/mon-compte\/#primaryimage"},"thumbnailUrl":"https:\/\/wpstage.way-partner.com\/wp-content\/uploads\/2024\/11\/logo.png","datePublished":"2021-05-26T06:35:43+00:00","dateModified":"2025-05-13T14:36:15+00:00","description":"Access your WAY-Partner account to manage your information, subscriptions and user preferences in total security.","breadcrumb":{"@id":"https:\/\/wpstage.way-partner.com\/mon-compte\/#breadcrumb"},"inLanguage":"en-GB","potentialAction":[{"@type":"ReadAction","target":["https:\/\/wpstage.way-partner.com\/mon-compte\/"]}]},{"@type":"ImageObject","inLanguage":"en-GB","@id":"https:\/\/wpstage.way-partner.com\/mon-compte\/#primaryimage","url":"https:\/\/wpstage.way-partner.com\/wp-content\/uploads\/2024\/11\/logo.png","contentUrl":"https:\/\/wpstage.way-partner.com\/wp-content\/uploads\/2024\/11\/logo.png","width":1024,"height":1024,"caption":"logo"},{"@type":"BreadcrumbList","@id":"https:\/\/wpstage.way-partner.com\/mon-compte\/#breadcrumb","itemListElement":[{"@type":"ListItem","position":1,"name":"Accueil","item":"https:\/\/wpstage.way-partner.com\/"},{"@type":"ListItem","position":2,"name":"Mon compte"}]},{"@type":"WebSite","@id":"https:\/\/wpstage.way-partner.com\/#website","url":"https:\/\/wpstage.way-partner.com\/","name":"WAY-Partner","description":"The WAYNIUM app for self-employed drivers","publisher":{"@id":"https:\/\/wpstage.way-partner.com\/#organization"},"potentialAction":[{"@type":"SearchAction","target":{"@type":"EntryPoint","urlTemplate":"https:\/\/wpstage.way-partner.com\/?s={search_term_string}"},"query-input":{"@type":"PropertyValueSpecification","valueRequired":true,"valueName":"search_term_string"}}],"inLanguage":"en-GB"},{"@type":"Organization","@id":"https:\/\/wpstage.way-partner.com\/#organization","name":"WAY-Partner","url":"https:\/\/wpstage.way-partner.com\/","logo":{"@type":"ImageObject","inLanguage":"en-GB","@id":"https:\/\/wpstage.way-partner.com\/#\/schema\/logo\/image\/","url":"https:\/\/wpstage.way-partner.com\/wp-content\/uploads\/2021\/06\/Favicon.png","contentUrl":"https:\/\/wpstage.way-partner.com\/wp-content\/uploads\/2021\/06\/Favicon.png","width":512,"height":512,"caption":"WAY-Partner"},"image":{"@id":"https:\/\/wpstage.way-partner.com\/#\/schema\/logo\/image\/"}}]}},"_links":{"self":[{"href":"https:\/\/wpstage.way-partner.com\/en\/wp-json\/wp\/v2\/pages\/6111","targetHints":{"allow":["GET"]}}],"collection":[{"href":"https:\/\/wpstage.way-partner.com\/en\/wp-json\/wp\/v2\/pages"}],"about":[{"href":"https:\/\/wpstage.way-partner.com\/en\/wp-json\/wp\/v2\/types\/page"}],"author":[{"embeddable":true,"href":"https:\/\/wpstage.way-partner.com\/en\/wp-json\/wp\/v2\/users\/1"}],"replies":[{"embeddable":true,"href":"https:\/\/wpstage.way-partner.com\/en\/wp-json\/wp\/v2\/comments?post=6111"}],"version-history":[{"count":22,"href":"https:\/\/wpstage.way-partner.com\/en\/wp-json\/wp\/v2\/pages\/6111\/revisions"}],"predecessor-version":[{"id":639360,"href":"https:\/\/wpstage.way-partner.com\/en\/wp-json\/wp\/v2\/pages\/6111\/revisions\/639360"}],"wp:featuredmedia":[{"embeddable":true,"href":"https:\/\/wpstage.way-partner.com\/en\/wp-json\/wp\/v2\/media\/408511"}],"wp:attachment":[{"href":"https:\/\/wpstage.way-partner.com\/en\/wp-json\/wp\/v2\/media?parent=6111"}],"curies":[{"name":"wp","href":"https:\/\/api.w.org\/{rel}","templated":true}]}}