{"id":3,"date":"2021-02-09T16:11:46","date_gmt":"2021-02-09T15:11:46","guid":{"rendered":"https:\/\/wpstage.way-partner.com\/?page_id=3"},"modified":"2025-05-13T17:02:25","modified_gmt":"2025-05-13T15:02:25","slug":"politique-de-confidentialite","status":"publish","type":"page","link":"https:\/\/wpstage.way-partner.com\/en\/politique-de-confidentialite\/","title":{"rendered":"Privacy policy"},"content":{"rendered":"<div data-elementor-type=\"wp-page\" data-elementor-id=\"3\" class=\"elementor elementor-3\" data-elementor-post-type=\"page\">\n\t\t\t\t<div class=\"elementor-element elementor-element-9f6b082 e-flex e-con-boxed e-con e-parent\" data-id=\"9f6b082\" data-element_type=\"container\">\n\t\t\t\t\t<div class=\"e-con-inner\">\n\t\t<div class=\"elementor-element elementor-element-5c9f64a e-con-full e-flex e-con e-child\" data-id=\"5c9f64a\" data-element_type=\"container\">\n\t\t\t\t<div class=\"elementor-element elementor-element-dd6cb43 elementor-widget elementor-widget-heading\" data-id=\"dd6cb43\" data-element_type=\"widget\" data-widget_type=\"heading.default\">\n\t\t\t\t<div class=\"elementor-widget-container\">\n\t\t\t\t\t<h1 class=\"elementor-heading-title elementor-size-default\">Privacy policy<\/h1>\t\t\t\t<\/div>\n\t\t\t\t<\/div>\n\t\t<div class=\"elementor-element elementor-element-28bc9a3 e-flex e-con-boxed e-con e-child\" data-id=\"28bc9a3\" data-element_type=\"container\">\n\t\t\t\t\t<div class=\"e-con-inner\">\n\t\t<div class=\"elementor-element elementor-element-dfa2643 e-con-full e-flex e-con e-child\" data-id=\"dfa2643\" data-element_type=\"container\">\n\t\t\t\t<div class=\"elementor-element elementor-element-42ede70 elementor-widget elementor-widget-text-editor\" data-id=\"42ede70\" data-element_type=\"widget\" data-widget_type=\"text-editor.default\">\n\t\t\t\t<div class=\"elementor-widget-container\">\n\t\t\t\t\t\t\t\t\t<h2>Introduction<\/h2><p>WAYNIUM SARL (\"we,\" \"us,\" or \"our\") is committed to protecting the privacy of users of the WAY-Partner mobile application (\"Application\"). This policy explains how we collect, use and protect your information. We comply with applicable data protection regulations, including the General Data Protection Regulation (GDPR).<\/p><h2>Data collected<\/h2><p>We collect the following categories of data to ensure the smooth operation of the application:<\/p><ol><li>User information :<br \/><ul><li>Full name of self-employed driver<\/li><li>Professional e-mail address<\/li><li>Password<\/li><li>Business telephone number<\/li><\/ul><\/li><li>Vehicle information :<br \/><ul><li>Details of the vehicle used, including features and options<\/li><\/ul><\/li><li>Geolocation data :<br \/><ul><li>Real-time location data when activated by the user<\/li><\/ul><\/li><li>Driver ID :<br \/><ul><li>Unique identifier shared at the driver's discretion<\/li><\/ul><\/li><li>Customer information :<br \/><ul><li>Passenger names and contact details<\/li><li>Journey history and preferences<\/li><\/ul><\/li><li>Financial data :<br \/><ul><li>Billing details, including quotations, margins, charges and discounts<\/li><\/ul><\/li><li>Performance data :<br \/><ul><li>Usage statistics, assignments carried out, revenue generated and customer evaluations<\/li><\/ul><\/li><li>Network and collaboration data :<br \/><ul><li>Information on working with other self-employed drivers and transport companies<\/li><\/ul><\/li><\/ol><h2>Objectives of Data Collection<\/h2><p>Your data is collected and used solely for :<\/p><ul><li>Facilitating collaboration between self-employed drivers and companies using WAY-Plan<\/li><li>Enable shared assignments between self-employed drivers using WAY-Partner<\/li><li>Manage mission schedules and ensure synchronisation of transport services<\/li><li>Provide dashboards and performance monitoring tools<\/li><li>Optimising revenue opportunities through collaboration and business exchanges<\/li><\/ul><h2>Use of Data<\/h2><ul><li>Geolocation: Real-time data is used to optimise collaboration and check arrivals, but is not stored permanently.<\/li><li>Driver ID: Used by drivers to voluntarily share access to their data with transport companies of their choice. The data is then stored by these companies under conditions similar to those for WAY-D users.<\/li><li>Vehicle and performance data: Used to assign appropriate missions and monitor performance indicators.<\/li><\/ul><h2>Data Sharing<\/h2><p>We do not sell or share your data with third parties for advertising or commercial purposes. Data is only shared under the following conditions:<\/p><ul><li>With haulage companies where the self-employed driver voluntarily provides his identifier<\/li><li>For mission management and collaboration between WAY-Partner users<\/li><li>With customers where necessary to provide transport services<\/li><\/ul><h2>Data retention and deletion<\/h2><p>Your data is kept only for as long as is necessary for the purposes described above or to meet legal obligations. You can request the deletion of your data by contacting us.<\/p><h2>Your rights<\/h2><p>You have the following rights under applicable law:<\/p><ul><li>Access your data<\/li><li>Request correction of incorrect or incomplete data<\/li><li>Request the deletion of your data<\/li><li>Oppose data processing<\/li><li>Request data portability<\/li><\/ul><p>To exercise these rights, please contact us at the following address: info@waynium.com.<\/p><h2>Safety measures<\/h2><p>We apply technical and organisational measures to protect your data against unauthorised access, disclosure or destruction.<\/p><h2>Contact us<\/h2><p>For all questions relating to confidentiality: WAYNIUM SARL Email: info@waynium.com Address: 29 rue Tronchet, 75008 Paris<\/p>\t\t\t\t\t\t\t\t<\/div>\n\t\t\t\t<\/div>\n\t\t\t\t<div class=\"elementor-element elementor-element-28f0b3d elementor-widget elementor-widget-heading\" data-id=\"28f0b3d\" data-element_type=\"widget\" data-widget_type=\"heading.default\">\n\t\t\t\t<div class=\"elementor-widget-container\">\n\t\t\t\t\t<h2 class=\"elementor-heading-title elementor-size-default\">General terms and conditions<\/h2>\t\t\t\t<\/div>\n\t\t\t\t<\/div>\n\t\t\t\t<div class=\"elementor-element elementor-element-a163d0d elementor-widget elementor-widget-text-editor\" data-id=\"a163d0d\" data-element_type=\"widget\" data-widget_type=\"text-editor.default\">\n\t\t\t\t<div class=\"elementor-widget-container\">\n\t\t\t\t\t\t\t\t\t<p>Click on the button below to consult all our terms and conditions of sale and use.<\/p>\t\t\t\t\t\t\t\t<\/div>\n\t\t\t\t<\/div>\n\t\t\t\t<div class=\"elementor-element elementor-element-a2a5bfd elementor-align-left elementor-widget elementor-widget-button\" data-id=\"a2a5bfd\" data-element_type=\"widget\" data-widget_type=\"button.default\">\n\t\t\t\t<div class=\"elementor-widget-container\">\n\t\t\t\t\t\t\t\t\t<div class=\"elementor-button-wrapper\">\n\t\t\t\t\t<a class=\"elementor-button elementor-button-link elementor-size-sm\" href=\"https:\/\/wpstage.way-partner.com\/en\/conditions-generales\/\">\n\t\t\t\t\t\t<span class=\"elementor-button-content-wrapper\">\n\t\t\t\t\t\t\t\t\t<span class=\"elementor-button-text\">General terms and conditions<\/span>\n\t\t\t\t\t<\/span>\n\t\t\t\t\t<\/a>\n\t\t\t\t<\/div>\n\t\t\t\t\t\t\t\t<\/div>\n\t\t\t\t<\/div>\n\t\t\t\t<\/div>\n\t\t\t\t\t<\/div>\n\t\t\t\t<\/div>\n\t\t\t\t<\/div>\n\t\t\t\t\t<\/div>\n\t\t\t\t<\/div>\n\t\t\t\t<\/div>","protected":false},"excerpt":{"rendered":"<p>Privacy Policy Introduction WAYNIUM SARL (\"we,\" \"us,\" or \"our\") is committed to protecting the privacy of users of the WAY-Partner mobile application (\"Application\"). This policy explains how we collect, use and protect your information. We comply with applicable data protection regulations, including the General Data Protection Regulation (GDPR). [...]<\/p>","protected":false},"author":1,"featured_media":408511,"parent":0,"menu_order":0,"comment_status":"closed","ping_status":"closed","template":"elementor_header_footer","meta":{"_acf_changed":false,"footnotes":""},"class_list":["post-3","page","type-page","status-publish","has-post-thumbnail","hentry"],"acf":[],"yoast_head":"<!-- This site is optimized with the Yoast SEO plugin v26.4 - https:\/\/yoast.com\/wordpress\/plugins\/seo\/ -->\n<title>Politique de confidentialit\u00e9 - WAY-Partner<\/title>\n<meta name=\"description\" content=\"WAY-Partner prot\u00e8ge vos donn\u00e9es personnelles. D\u00e9couvrez notre politique de confidentialit\u00e9 et notre engagement pour votre vie priv\u00e9e.\" \/>\n<meta name=\"robots\" content=\"index, follow, max-snippet:-1, max-image-preview:large, max-video-preview:-1\" \/>\n<link rel=\"canonical\" href=\"https:\/\/wpstage.way-partner.com\/en\/politique-de-confidentialite\/\" \/>\n<meta property=\"og:locale\" content=\"en_GB\" \/>\n<meta property=\"og:type\" content=\"article\" \/>\n<meta property=\"og:title\" content=\"Politique de confidentialit\u00e9 - WAY-Partner\" \/>\n<meta property=\"og:description\" content=\"WAY-Partner prot\u00e8ge vos donn\u00e9es personnelles. D\u00e9couvrez notre politique de confidentialit\u00e9 et notre engagement pour votre vie priv\u00e9e.\" \/>\n<meta property=\"og:url\" content=\"https:\/\/wpstage.way-partner.com\/en\/politique-de-confidentialite\/\" \/>\n<meta property=\"og:site_name\" content=\"WAY-Partner\" \/>\n<meta property=\"article:modified_time\" content=\"2025-05-13T15:02:25+00:00\" \/>\n<meta property=\"og:image\" content=\"https:\/\/wpstage.way-partner.com\/wp-content\/uploads\/2024\/11\/logo.png\" \/>\n\t<meta property=\"og:image:width\" content=\"1024\" \/>\n\t<meta property=\"og:image:height\" content=\"1024\" \/>\n\t<meta property=\"og:image:type\" content=\"image\/png\" \/>\n<meta name=\"twitter:card\" content=\"summary_large_image\" \/>\n<meta name=\"twitter:label1\" content=\"Estimated reading time\" \/>\n\t<meta name=\"twitter:data1\" content=\"4 minutes\" \/>\n<script type=\"application\/ld+json\" class=\"yoast-schema-graph\">{\"@context\":\"https:\/\/schema.org\",\"@graph\":[{\"@type\":\"WebPage\",\"@id\":\"https:\/\/wpstage.way-partner.com\/politique-de-confidentialite\/\",\"url\":\"https:\/\/wpstage.way-partner.com\/politique-de-confidentialite\/\",\"name\":\"Politique de confidentialit\u00e9 - WAY-Partner\",\"isPartOf\":{\"@id\":\"https:\/\/wpstage.way-partner.com\/#website\"},\"primaryImageOfPage\":{\"@id\":\"https:\/\/wpstage.way-partner.com\/politique-de-confidentialite\/#primaryimage\"},\"image\":{\"@id\":\"https:\/\/wpstage.way-partner.com\/politique-de-confidentialite\/#primaryimage\"},\"thumbnailUrl\":\"https:\/\/wpstage.way-partner.com\/wp-content\/uploads\/2024\/11\/logo.png\",\"datePublished\":\"2021-02-09T15:11:46+00:00\",\"dateModified\":\"2025-05-13T15:02:25+00:00\",\"description\":\"WAY-Partner prot\u00e8ge vos donn\u00e9es personnelles. D\u00e9couvrez notre politique de confidentialit\u00e9 et notre engagement pour votre vie priv\u00e9e.\",\"breadcrumb\":{\"@id\":\"https:\/\/wpstage.way-partner.com\/politique-de-confidentialite\/#breadcrumb\"},\"inLanguage\":\"en-GB\",\"potentialAction\":[{\"@type\":\"ReadAction\",\"target\":[\"https:\/\/wpstage.way-partner.com\/politique-de-confidentialite\/\"]}]},{\"@type\":\"ImageObject\",\"inLanguage\":\"en-GB\",\"@id\":\"https:\/\/wpstage.way-partner.com\/politique-de-confidentialite\/#primaryimage\",\"url\":\"https:\/\/wpstage.way-partner.com\/wp-content\/uploads\/2024\/11\/logo.png\",\"contentUrl\":\"https:\/\/wpstage.way-partner.com\/wp-content\/uploads\/2024\/11\/logo.png\",\"width\":1024,\"height\":1024,\"caption\":\"logo\"},{\"@type\":\"BreadcrumbList\",\"@id\":\"https:\/\/wpstage.way-partner.com\/politique-de-confidentialite\/#breadcrumb\",\"itemListElement\":[{\"@type\":\"ListItem\",\"position\":1,\"name\":\"Accueil\",\"item\":\"https:\/\/wpstage.way-partner.com\/\"},{\"@type\":\"ListItem\",\"position\":2,\"name\":\"Politique de confidentialit\u00e9\"}]},{\"@type\":\"WebSite\",\"@id\":\"https:\/\/wpstage.way-partner.com\/#website\",\"url\":\"https:\/\/wpstage.way-partner.com\/\",\"name\":\"WAY-Partner\",\"description\":\"L&#039;app des chauffeurs ind\u00e9pendants de WAYNIUM\",\"publisher\":{\"@id\":\"https:\/\/wpstage.way-partner.com\/#organization\"},\"potentialAction\":[{\"@type\":\"SearchAction\",\"target\":{\"@type\":\"EntryPoint\",\"urlTemplate\":\"https:\/\/wpstage.way-partner.com\/?s={search_term_string}\"},\"query-input\":{\"@type\":\"PropertyValueSpecification\",\"valueRequired\":true,\"valueName\":\"search_term_string\"}}],\"inLanguage\":\"en-GB\"},{\"@type\":\"Organization\",\"@id\":\"https:\/\/wpstage.way-partner.com\/#organization\",\"name\":\"WAY-Partner\",\"url\":\"https:\/\/wpstage.way-partner.com\/\",\"logo\":{\"@type\":\"ImageObject\",\"inLanguage\":\"en-GB\",\"@id\":\"https:\/\/wpstage.way-partner.com\/#\/schema\/logo\/image\/\",\"url\":\"https:\/\/wpstage.way-partner.com\/wp-content\/uploads\/2021\/06\/Favicon.png\",\"contentUrl\":\"https:\/\/wpstage.way-partner.com\/wp-content\/uploads\/2021\/06\/Favicon.png\",\"width\":512,\"height\":512,\"caption\":\"WAY-Partner\"},\"image\":{\"@id\":\"https:\/\/wpstage.way-partner.com\/#\/schema\/logo\/image\/\"}}]}<\/script>\n<!-- \/ Yoast SEO plugin. -->","yoast_head_json":{"title":"Privacy policy - WAY-Partner","description":"WAY-Partner protects your personal data. Find out more about our confidentiality policy and our commitment to your privacy.","robots":{"index":"index","follow":"follow","max-snippet":"max-snippet:-1","max-image-preview":"max-image-preview:large","max-video-preview":"max-video-preview:-1"},"canonical":"https:\/\/wpstage.way-partner.com\/en\/politique-de-confidentialite\/","og_locale":"en_GB","og_type":"article","og_title":"Politique de confidentialit\u00e9 - WAY-Partner","og_description":"WAY-Partner prot\u00e8ge vos donn\u00e9es personnelles. D\u00e9couvrez notre politique de confidentialit\u00e9 et notre engagement pour votre vie priv\u00e9e.","og_url":"https:\/\/wpstage.way-partner.com\/en\/politique-de-confidentialite\/","og_site_name":"WAY-Partner","article_modified_time":"2025-05-13T15:02:25+00:00","og_image":[{"width":1024,"height":1024,"url":"https:\/\/wpstage.way-partner.com\/wp-content\/uploads\/2024\/11\/logo.png","type":"image\/png"}],"twitter_card":"summary_large_image","twitter_misc":{"Estimated reading time":"4 minutes"},"schema":{"@context":"https:\/\/schema.org","@graph":[{"@type":"WebPage","@id":"https:\/\/wpstage.way-partner.com\/politique-de-confidentialite\/","url":"https:\/\/wpstage.way-partner.com\/politique-de-confidentialite\/","name":"Privacy policy - WAY-Partner","isPartOf":{"@id":"https:\/\/wpstage.way-partner.com\/#website"},"primaryImageOfPage":{"@id":"https:\/\/wpstage.way-partner.com\/politique-de-confidentialite\/#primaryimage"},"image":{"@id":"https:\/\/wpstage.way-partner.com\/politique-de-confidentialite\/#primaryimage"},"thumbnailUrl":"https:\/\/wpstage.way-partner.com\/wp-content\/uploads\/2024\/11\/logo.png","datePublished":"2021-02-09T15:11:46+00:00","dateModified":"2025-05-13T15:02:25+00:00","description":"WAY-Partner protects your personal data. Find out more about our confidentiality policy and our commitment to your privacy.","breadcrumb":{"@id":"https:\/\/wpstage.way-partner.com\/politique-de-confidentialite\/#breadcrumb"},"inLanguage":"en-GB","potentialAction":[{"@type":"ReadAction","target":["https:\/\/wpstage.way-partner.com\/politique-de-confidentialite\/"]}]},{"@type":"ImageObject","inLanguage":"en-GB","@id":"https:\/\/wpstage.way-partner.com\/politique-de-confidentialite\/#primaryimage","url":"https:\/\/wpstage.way-partner.com\/wp-content\/uploads\/2024\/11\/logo.png","contentUrl":"https:\/\/wpstage.way-partner.com\/wp-content\/uploads\/2024\/11\/logo.png","width":1024,"height":1024,"caption":"logo"},{"@type":"BreadcrumbList","@id":"https:\/\/wpstage.way-partner.com\/politique-de-confidentialite\/#breadcrumb","itemListElement":[{"@type":"ListItem","position":1,"name":"Accueil","item":"https:\/\/wpstage.way-partner.com\/"},{"@type":"ListItem","position":2,"name":"Politique de confidentialit\u00e9"}]},{"@type":"WebSite","@id":"https:\/\/wpstage.way-partner.com\/#website","url":"https:\/\/wpstage.way-partner.com\/","name":"WAY-Partner","description":"The WAYNIUM app for self-employed drivers","publisher":{"@id":"https:\/\/wpstage.way-partner.com\/#organization"},"potentialAction":[{"@type":"SearchAction","target":{"@type":"EntryPoint","urlTemplate":"https:\/\/wpstage.way-partner.com\/?s={search_term_string}"},"query-input":{"@type":"PropertyValueSpecification","valueRequired":true,"valueName":"search_term_string"}}],"inLanguage":"en-GB"},{"@type":"Organization","@id":"https:\/\/wpstage.way-partner.com\/#organization","name":"WAY-Partner","url":"https:\/\/wpstage.way-partner.com\/","logo":{"@type":"ImageObject","inLanguage":"en-GB","@id":"https:\/\/wpstage.way-partner.com\/#\/schema\/logo\/image\/","url":"https:\/\/wpstage.way-partner.com\/wp-content\/uploads\/2021\/06\/Favicon.png","contentUrl":"https:\/\/wpstage.way-partner.com\/wp-content\/uploads\/2021\/06\/Favicon.png","width":512,"height":512,"caption":"WAY-Partner"},"image":{"@id":"https:\/\/wpstage.way-partner.com\/#\/schema\/logo\/image\/"}}]}},"_links":{"self":[{"href":"https:\/\/wpstage.way-partner.com\/en\/wp-json\/wp\/v2\/pages\/3","targetHints":{"allow":["GET"]}}],"collection":[{"href":"https:\/\/wpstage.way-partner.com\/en\/wp-json\/wp\/v2\/pages"}],"about":[{"href":"https:\/\/wpstage.way-partner.com\/en\/wp-json\/wp\/v2\/types\/page"}],"author":[{"embeddable":true,"href":"https:\/\/wpstage.way-partner.com\/en\/wp-json\/wp\/v2\/users\/1"}],"replies":[{"embeddable":true,"href":"https:\/\/wpstage.way-partner.com\/en\/wp-json\/wp\/v2\/comments?post=3"}],"version-history":[{"count":20,"href":"https:\/\/wpstage.way-partner.com\/en\/wp-json\/wp\/v2\/pages\/3\/revisions"}],"predecessor-version":[{"id":648738,"href":"https:\/\/wpstage.way-partner.com\/en\/wp-json\/wp\/v2\/pages\/3\/revisions\/648738"}],"wp:featuredmedia":[{"embeddable":true,"href":"https:\/\/wpstage.way-partner.com\/en\/wp-json\/wp\/v2\/media\/408511"}],"wp:attachment":[{"href":"https:\/\/wpstage.way-partner.com\/en\/wp-json\/wp\/v2\/media?parent=3"}],"curies":[{"name":"wp","href":"https:\/\/api.w.org\/{rel}","templated":true}]}}