{"id":228080,"date":"2024-05-15T15:00:43","date_gmt":"2024-05-15T13:00:43","guid":{"rendered":"https:\/\/wpstage.way-partner.com\/?page_id=228080"},"modified":"2025-09-03T17:21:29","modified_gmt":"2025-09-03T15:21:29","slug":"mentions-legales","status":"publish","type":"page","link":"https:\/\/wpstage.way-partner.com\/en\/mentions-legales\/","title":{"rendered":"Legal information"},"content":{"rendered":"<div data-elementor-type=\"wp-page\" data-elementor-id=\"228080\" class=\"elementor elementor-228080\" data-elementor-post-type=\"page\">\n\t\t\t\t<div class=\"elementor-element elementor-element-bbf26ad e-flex e-con-boxed e-con e-parent\" data-id=\"bbf26ad\" data-element_type=\"container\">\n\t\t\t\t\t<div class=\"e-con-inner\">\n\t\t<div class=\"elementor-element elementor-element-f6c5c85 e-con-full e-flex e-con e-child\" data-id=\"f6c5c85\" data-element_type=\"container\">\n\t\t\t\t<div class=\"elementor-element elementor-element-56ce523 elementor-widget elementor-widget-heading\" data-id=\"56ce523\" data-element_type=\"widget\" data-widget_type=\"heading.default\">\n\t\t\t\t<div class=\"elementor-widget-container\">\n\t\t\t\t\t<h1 class=\"elementor-heading-title elementor-size-default\">Legal information<\/h1>\t\t\t\t<\/div>\n\t\t\t\t<\/div>\n\t\t<div class=\"elementor-element elementor-element-897f65b e-con-full e-flex e-con e-child\" data-id=\"897f65b\" data-element_type=\"container\">\n\t\t\t\t<div class=\"elementor-element elementor-element-497f1a3 elementor-widget elementor-widget-heading\" data-id=\"497f1a3\" data-element_type=\"widget\" data-widget_type=\"heading.default\">\n\t\t\t\t<div class=\"elementor-widget-container\">\n\t\t\t\t\t<h2 class=\"elementor-heading-title elementor-size-default\">Site presentation<\/h2>\t\t\t\t<\/div>\n\t\t\t\t<\/div>\n\t\t\t\t<div class=\"elementor-element elementor-element-9df37a1 elementor-widget elementor-widget-text-editor\" data-id=\"9df37a1\" data-element_type=\"widget\" data-widget_type=\"text-editor.default\">\n\t\t\t\t<div class=\"elementor-widget-container\">\n\t\t\t\t\t\t\t\t\t<p>Pursuant to Article 6 of Law No. 2004-575 of 21 June 2004 on confidence in the digital economy, users of the www.way-partner.com website are informed of the identity of the various parties involved in its creation and monitoring:<\/p><p>Owner: WAYNIUM - SARL - RCS 451320253 00011<br \/>34 rue des Foss\u00e9s Saint-Bernard, 75005 Paris, tel 0810 00 10 50, email\u00a0<a href=\"mailto:info@agwc.fr\" data-linkid=\"body info@waynium.com mailto:info@agwc.fr\">info@waynium.com<\/a>represented by Mr Carlier Bruno<\/p><p>Creator : WAYNIUM<br \/>Publication manager: Bruno Carlier -\u00a0<a href=\"mailto:info@waynium.com\" data-linkid=\"body info@waynium.com mailto:info@waynium.com\">info@waynium.com<\/a><br \/>Contact webmaster and hosting :\u00a0<a href=\"mailto:support@planet-work.com\" data-linkid=\"body support@planet-work.com mailto:support@planet-work.com\">info@waynium.com<\/a><\/p>\t\t\t\t\t\t\t\t<\/div>\n\t\t\t\t<\/div>\n\t\t\t\t<div class=\"elementor-element elementor-element-7d2e98c elementor-widget elementor-widget-heading\" data-id=\"7d2e98c\" data-element_type=\"widget\" data-widget_type=\"heading.default\">\n\t\t\t\t<div class=\"elementor-widget-container\">\n\t\t\t\t\t<h2 class=\"elementor-heading-title elementor-size-default\">Hosting<\/h2>\t\t\t\t<\/div>\n\t\t\t\t<\/div>\n\t\t\t\t<div class=\"elementor-element elementor-element-37f0a84 elementor-widget elementor-widget-text-editor\" data-id=\"37f0a84\" data-element_type=\"widget\" data-widget_type=\"text-editor.default\">\n\t\t\t\t<div class=\"elementor-widget-container\">\n\t\t\t\t\t\t\t\t\t<p>This site is hosted by OVH SAS 2 rue Kellermann - 59100 Roubaix - France.<\/p>\t\t\t\t\t\t\t\t<\/div>\n\t\t\t\t<\/div>\n\t\t\t\t<div class=\"elementor-element elementor-element-3a83061 elementor-widget elementor-widget-heading\" data-id=\"3a83061\" data-element_type=\"widget\" data-widget_type=\"heading.default\">\n\t\t\t\t<div class=\"elementor-widget-container\">\n\t\t\t\t\t<h2 class=\"elementor-heading-title elementor-size-default\">Intellectual property<\/h2>\t\t\t\t<\/div>\n\t\t\t\t<\/div>\n\t\t\t\t<div class=\"elementor-element elementor-element-7a91797 elementor-widget elementor-widget-text-editor\" data-id=\"7a91797\" data-element_type=\"widget\" data-widget_type=\"text-editor.default\">\n\t\t\t\t<div class=\"elementor-widget-container\">\n\t\t\t\t\t\t\t\t\t<p>The present does not imply any transfer of any kind of intellectual property rights on the elements belonging to WAYNIUM.<\/p><p>The Services, trademarks, designs, models, images, texts, photos, logos, graphic charts, software and programs, databases, sounds, videos, domain names, design or any other element comprising the Services and materials, with the exception of third party elements defined below, are the exclusive property of WAYNIUM and are protected by all intellectual or industrial property rights recognised by the laws in force.<\/p><p>Any reproduction and\/or representation, total or partial of one of these rights, without the express authorisation of WAYNIUM, is prohibited and would constitute an infringement likely to engage the civil and penal liability of the infringer.<\/p><p>Accordingly, the user agrees not to take any action or perform any act that may directly or indirectly infringe the intellectual property rights of WAYNIUM.<\/p>\t\t\t\t\t\t\t\t<\/div>\n\t\t\t\t<\/div>\n\t\t\t\t<div class=\"elementor-element elementor-element-e43dbfc elementor-widget elementor-widget-text-editor\" data-id=\"e43dbfc\" data-element_type=\"widget\" data-widget_type=\"text-editor.default\">\n\t\t\t\t<div class=\"elementor-widget-container\">\n\t\t\t\t\t\t\t\t\t<p>Elements belonging to third parties, such as brands, logos, images, texts and sounds, without this list being exhaustive, are the exclusive property of their author and are protected as such by copyright, trademark law or any other right recognised by the laws in force.<\/p><p>The user undertakes not to infringe, directly or indirectly, the property rights of third parties whose content is present in the Services and undertakes not to exploit these elements in any way whatsoever.<\/p><p>The user undertakes to respect all the rights of third parties whose content is included in the Services.<\/p><p>\u00a0<\/p><p>Images and illustrations : <a href=\"https:\/\/storyset.com\/people\">People illustrations by Storyset<\/a>.<\/p>\t\t\t\t\t\t\t\t<\/div>\n\t\t\t\t<\/div>\n\t\t\t\t<\/div>\n\t\t\t\t<\/div>\n\t\t\t\t\t<\/div>\n\t\t\t\t<\/div>\n\t\t\t\t<\/div>","protected":false},"excerpt":{"rendered":"<p>Legal information Presentation of the site Pursuant to Article 6 of Law No. 2004-575 of 21 June 2004 on confidence in the digital economy, users of the www.way-partner.com site are informed of the identity of the various parties involved in its creation and monitoring: Owner: WAYNIUM - SARL - RCS 451320253 [...]<\/p>","protected":false},"author":1,"featured_media":408511,"parent":0,"menu_order":0,"comment_status":"closed","ping_status":"closed","template":"","meta":{"_acf_changed":false,"footnotes":""},"class_list":["post-228080","page","type-page","status-publish","has-post-thumbnail","hentry"],"acf":[],"yoast_head":"<!-- This site is optimized with the Yoast SEO plugin v26.4 - https:\/\/yoast.com\/wordpress\/plugins\/seo\/ -->\n<title>Mentions L\u00e9gales - WAY-Partner<\/title>\n<meta name=\"description\" content=\"Consultez les mentions l\u00e9gales du site WAY-Partner : \u00e9diteur, h\u00e9bergeur, propri\u00e9t\u00e9 intellectuelle et responsabilit\u00e9s.\" \/>\n<meta name=\"robots\" content=\"index, follow, max-snippet:-1, max-image-preview:large, max-video-preview:-1\" \/>\n<link rel=\"canonical\" href=\"https:\/\/wpstage.way-partner.com\/en\/mentions-legales\/\" \/>\n<meta property=\"og:locale\" content=\"en_GB\" \/>\n<meta property=\"og:type\" content=\"article\" \/>\n<meta property=\"og:title\" content=\"Mentions L\u00e9gales - WAY-Partner\" \/>\n<meta property=\"og:description\" content=\"Consultez les mentions l\u00e9gales du site WAY-Partner : \u00e9diteur, h\u00e9bergeur, propri\u00e9t\u00e9 intellectuelle et responsabilit\u00e9s.\" \/>\n<meta property=\"og:url\" content=\"https:\/\/wpstage.way-partner.com\/en\/mentions-legales\/\" \/>\n<meta property=\"og:site_name\" content=\"WAY-Partner\" \/>\n<meta property=\"article:modified_time\" content=\"2025-09-03T15:21:29+00:00\" \/>\n<meta property=\"og:image\" content=\"https:\/\/wpstage.way-partner.com\/wp-content\/uploads\/2024\/11\/logo.png\" \/>\n\t<meta property=\"og:image:width\" content=\"1024\" \/>\n\t<meta property=\"og:image:height\" content=\"1024\" \/>\n\t<meta property=\"og:image:type\" content=\"image\/png\" \/>\n<meta name=\"twitter:card\" content=\"summary_large_image\" \/>\n<meta name=\"twitter:label1\" content=\"Estimated reading time\" \/>\n\t<meta name=\"twitter:data1\" content=\"2 minutes\" \/>\n<script type=\"application\/ld+json\" class=\"yoast-schema-graph\">{\"@context\":\"https:\/\/schema.org\",\"@graph\":[{\"@type\":\"WebPage\",\"@id\":\"https:\/\/wpstage.way-partner.com\/mentions-legales\/\",\"url\":\"https:\/\/wpstage.way-partner.com\/mentions-legales\/\",\"name\":\"Mentions L\u00e9gales - WAY-Partner\",\"isPartOf\":{\"@id\":\"https:\/\/wpstage.way-partner.com\/#website\"},\"primaryImageOfPage\":{\"@id\":\"https:\/\/wpstage.way-partner.com\/mentions-legales\/#primaryimage\"},\"image\":{\"@id\":\"https:\/\/wpstage.way-partner.com\/mentions-legales\/#primaryimage\"},\"thumbnailUrl\":\"https:\/\/wpstage.way-partner.com\/wp-content\/uploads\/2024\/11\/logo.png\",\"datePublished\":\"2024-05-15T13:00:43+00:00\",\"dateModified\":\"2025-09-03T15:21:29+00:00\",\"description\":\"Consultez les mentions l\u00e9gales du site WAY-Partner : \u00e9diteur, h\u00e9bergeur, propri\u00e9t\u00e9 intellectuelle et responsabilit\u00e9s.\",\"breadcrumb\":{\"@id\":\"https:\/\/wpstage.way-partner.com\/mentions-legales\/#breadcrumb\"},\"inLanguage\":\"en-GB\",\"potentialAction\":[{\"@type\":\"ReadAction\",\"target\":[\"https:\/\/wpstage.way-partner.com\/mentions-legales\/\"]}]},{\"@type\":\"ImageObject\",\"inLanguage\":\"en-GB\",\"@id\":\"https:\/\/wpstage.way-partner.com\/mentions-legales\/#primaryimage\",\"url\":\"https:\/\/wpstage.way-partner.com\/wp-content\/uploads\/2024\/11\/logo.png\",\"contentUrl\":\"https:\/\/wpstage.way-partner.com\/wp-content\/uploads\/2024\/11\/logo.png\",\"width\":1024,\"height\":1024,\"caption\":\"logo\"},{\"@type\":\"BreadcrumbList\",\"@id\":\"https:\/\/wpstage.way-partner.com\/mentions-legales\/#breadcrumb\",\"itemListElement\":[{\"@type\":\"ListItem\",\"position\":1,\"name\":\"Accueil\",\"item\":\"https:\/\/wpstage.way-partner.com\/\"},{\"@type\":\"ListItem\",\"position\":2,\"name\":\"Mentions L\u00e9gales\"}]},{\"@type\":\"WebSite\",\"@id\":\"https:\/\/wpstage.way-partner.com\/#website\",\"url\":\"https:\/\/wpstage.way-partner.com\/\",\"name\":\"WAY-Partner\",\"description\":\"L&#039;app des chauffeurs ind\u00e9pendants de WAYNIUM\",\"publisher\":{\"@id\":\"https:\/\/wpstage.way-partner.com\/#organization\"},\"potentialAction\":[{\"@type\":\"SearchAction\",\"target\":{\"@type\":\"EntryPoint\",\"urlTemplate\":\"https:\/\/wpstage.way-partner.com\/?s={search_term_string}\"},\"query-input\":{\"@type\":\"PropertyValueSpecification\",\"valueRequired\":true,\"valueName\":\"search_term_string\"}}],\"inLanguage\":\"en-GB\"},{\"@type\":\"Organization\",\"@id\":\"https:\/\/wpstage.way-partner.com\/#organization\",\"name\":\"WAY-Partner\",\"url\":\"https:\/\/wpstage.way-partner.com\/\",\"logo\":{\"@type\":\"ImageObject\",\"inLanguage\":\"en-GB\",\"@id\":\"https:\/\/wpstage.way-partner.com\/#\/schema\/logo\/image\/\",\"url\":\"https:\/\/wpstage.way-partner.com\/wp-content\/uploads\/2021\/06\/Favicon.png\",\"contentUrl\":\"https:\/\/wpstage.way-partner.com\/wp-content\/uploads\/2021\/06\/Favicon.png\",\"width\":512,\"height\":512,\"caption\":\"WAY-Partner\"},\"image\":{\"@id\":\"https:\/\/wpstage.way-partner.com\/#\/schema\/logo\/image\/\"}}]}<\/script>\n<!-- \/ Yoast SEO plugin. -->","yoast_head_json":{"title":"Legal Notice - WAY-Partner","description":"Consult the legal notices for the WAY-Partner site: publisher, host, intellectual property and responsibilities.","robots":{"index":"index","follow":"follow","max-snippet":"max-snippet:-1","max-image-preview":"max-image-preview:large","max-video-preview":"max-video-preview:-1"},"canonical":"https:\/\/wpstage.way-partner.com\/en\/mentions-legales\/","og_locale":"en_GB","og_type":"article","og_title":"Mentions L\u00e9gales - WAY-Partner","og_description":"Consultez les mentions l\u00e9gales du site WAY-Partner : \u00e9diteur, h\u00e9bergeur, propri\u00e9t\u00e9 intellectuelle et responsabilit\u00e9s.","og_url":"https:\/\/wpstage.way-partner.com\/en\/mentions-legales\/","og_site_name":"WAY-Partner","article_modified_time":"2025-09-03T15:21:29+00:00","og_image":[{"width":1024,"height":1024,"url":"https:\/\/wpstage.way-partner.com\/wp-content\/uploads\/2024\/11\/logo.png","type":"image\/png"}],"twitter_card":"summary_large_image","twitter_misc":{"Estimated reading time":"2 minutes"},"schema":{"@context":"https:\/\/schema.org","@graph":[{"@type":"WebPage","@id":"https:\/\/wpstage.way-partner.com\/mentions-legales\/","url":"https:\/\/wpstage.way-partner.com\/mentions-legales\/","name":"Legal Notice - WAY-Partner","isPartOf":{"@id":"https:\/\/wpstage.way-partner.com\/#website"},"primaryImageOfPage":{"@id":"https:\/\/wpstage.way-partner.com\/mentions-legales\/#primaryimage"},"image":{"@id":"https:\/\/wpstage.way-partner.com\/mentions-legales\/#primaryimage"},"thumbnailUrl":"https:\/\/wpstage.way-partner.com\/wp-content\/uploads\/2024\/11\/logo.png","datePublished":"2024-05-15T13:00:43+00:00","dateModified":"2025-09-03T15:21:29+00:00","description":"Consult the legal notices for the WAY-Partner site: publisher, host, intellectual property and responsibilities.","breadcrumb":{"@id":"https:\/\/wpstage.way-partner.com\/mentions-legales\/#breadcrumb"},"inLanguage":"en-GB","potentialAction":[{"@type":"ReadAction","target":["https:\/\/wpstage.way-partner.com\/mentions-legales\/"]}]},{"@type":"ImageObject","inLanguage":"en-GB","@id":"https:\/\/wpstage.way-partner.com\/mentions-legales\/#primaryimage","url":"https:\/\/wpstage.way-partner.com\/wp-content\/uploads\/2024\/11\/logo.png","contentUrl":"https:\/\/wpstage.way-partner.com\/wp-content\/uploads\/2024\/11\/logo.png","width":1024,"height":1024,"caption":"logo"},{"@type":"BreadcrumbList","@id":"https:\/\/wpstage.way-partner.com\/mentions-legales\/#breadcrumb","itemListElement":[{"@type":"ListItem","position":1,"name":"Accueil","item":"https:\/\/wpstage.way-partner.com\/"},{"@type":"ListItem","position":2,"name":"Mentions L\u00e9gales"}]},{"@type":"WebSite","@id":"https:\/\/wpstage.way-partner.com\/#website","url":"https:\/\/wpstage.way-partner.com\/","name":"WAY-Partner","description":"The WAYNIUM app for self-employed drivers","publisher":{"@id":"https:\/\/wpstage.way-partner.com\/#organization"},"potentialAction":[{"@type":"SearchAction","target":{"@type":"EntryPoint","urlTemplate":"https:\/\/wpstage.way-partner.com\/?s={search_term_string}"},"query-input":{"@type":"PropertyValueSpecification","valueRequired":true,"valueName":"search_term_string"}}],"inLanguage":"en-GB"},{"@type":"Organization","@id":"https:\/\/wpstage.way-partner.com\/#organization","name":"WAY-Partner","url":"https:\/\/wpstage.way-partner.com\/","logo":{"@type":"ImageObject","inLanguage":"en-GB","@id":"https:\/\/wpstage.way-partner.com\/#\/schema\/logo\/image\/","url":"https:\/\/wpstage.way-partner.com\/wp-content\/uploads\/2021\/06\/Favicon.png","contentUrl":"https:\/\/wpstage.way-partner.com\/wp-content\/uploads\/2021\/06\/Favicon.png","width":512,"height":512,"caption":"WAY-Partner"},"image":{"@id":"https:\/\/wpstage.way-partner.com\/#\/schema\/logo\/image\/"}}]}},"_links":{"self":[{"href":"https:\/\/wpstage.way-partner.com\/en\/wp-json\/wp\/v2\/pages\/228080","targetHints":{"allow":["GET"]}}],"collection":[{"href":"https:\/\/wpstage.way-partner.com\/en\/wp-json\/wp\/v2\/pages"}],"about":[{"href":"https:\/\/wpstage.way-partner.com\/en\/wp-json\/wp\/v2\/types\/page"}],"author":[{"embeddable":true,"href":"https:\/\/wpstage.way-partner.com\/en\/wp-json\/wp\/v2\/users\/1"}],"replies":[{"embeddable":true,"href":"https:\/\/wpstage.way-partner.com\/en\/wp-json\/wp\/v2\/comments?post=228080"}],"version-history":[{"count":18,"href":"https:\/\/wpstage.way-partner.com\/en\/wp-json\/wp\/v2\/pages\/228080\/revisions"}],"predecessor-version":[{"id":907389,"href":"https:\/\/wpstage.way-partner.com\/en\/wp-json\/wp\/v2\/pages\/228080\/revisions\/907389"}],"wp:featuredmedia":[{"embeddable":true,"href":"https:\/\/wpstage.way-partner.com\/en\/wp-json\/wp\/v2\/media\/408511"}],"wp:attachment":[{"href":"https:\/\/wpstage.way-partner.com\/en\/wp-json\/wp\/v2\/media?parent=228080"}],"curies":[{"name":"wp","href":"https:\/\/api.w.org\/{rel}","templated":true}]}}